{"id":4,"date":"2016-05-19T22:47:17","date_gmt":"2016-05-19T20:47:17","guid":{"rendered":"http:\/\/webdev.iscool.pl\/?page_id=4"},"modified":"2025-08-10T15:10:18","modified_gmt":"2025-08-10T13:10:18","slug":"strona-glowna","status":"publish","type":"page","link":"https:\/\/barswojski.pl\/","title":{"rendered":"Strona g\u0142\u00f3wna"},"content":{"rendered":"<h1 style=\"text-align: center;\">&nbsp;NR. TELEFONU&nbsp;<\/h1>\n<h1 style=\"text-align: center;\">500 695 095<\/h1>\n<div style=\"margin: 0 auto; text-align: center;\">\n<div id=\"rest_sq5\" style=\"margin: 0 auto; display: block; text-align: centeronclick=;\"><a class=\"sq_top\" href=\"https:\/\/restaurantguru.com\/Bar-swojski-Legnica\" target=\"_blank\" rel=\"noopener\">Bar Swojski<\/a>&nbsp;<\/p>\n<div class=\"sq_img\" style=\"background: url('https:\/\/awards.infcdn.net\/img\/star_white.svg') no-repeat center;\">&nbsp;<\/div>\n<p>&nbsp;<\/p>\n<\/div>\n<\/div>\n<p><!--\n\n\n<h1 style=\"text-align: center;\"><a href=\"http:\/\/www.pyszne.pl\/bar-swojski\">http:\/\/www.pyszne.pl\/bar-swojski<\/a><\/h1>\n\n\n--><br \/>\n<iframe loading=\"lazy\" style=\"border: none; overflow: hidden; margin: 0 auto; display: block;\" src=\"https:\/\/order-now-toolkit.takeaway.com\/widgets\/button?restId=1853154&amp;language=pl&amp;horizontal\" width=\"280\" height=\"150\" frameborder=\"0\" scrolling=\"no\"><\/iframe><\/p>\n<h1 style=\"text-align: center;\"><em>Polecamy zup\u0119 + II danie 21 z\u0142<\/em><\/h1>\n<h2 style=\"text-align: center;\"><em>Witamy na stronie baru &#8222;Swojskiego&#8221;<\/em><\/h2>\n<p style=\"text-align: center;\"><em>Pragniemy przybli\u017cy\u0107 pa\u0144stwu nasz\u0105 ofert\u0119 oraz zaprosi\u0107<\/em><br \/>\n<em> do korzystania z naszych us\u0142ug.<\/em><br \/>\n<em> Zach\u0119camy do przejrzenia naszej galerii zdj\u0119\u0107 oraz oferty cenowej.<\/em><br \/>\n<em> Ch\u0119tnie udzielimy informacji na temat naszych us\u0142ug telefonicznie lub osobi\u015bcie.<\/em><br \/>\n<em> Dzia\u0142alno\u015b\u0107 gastronomiczn\u0105 prowadzimy od 1999 roku.<\/em><br \/>\n<em> Przez ca\u0142y ten czas staramy si\u0119 utrzyma\u0107 wysok\u0105 jako\u015b\u0107 us\u0142ug,<\/em><br \/>\n<em> Dbamy o smak i atrakcyjny wygl\u0105d naszych potraw.<\/em><\/p>\n<h2 style=\"text-align: center;\"><em>Zapraszamy serdecznie<\/em><\/h2>\n","protected":false},"excerpt":{"rendered":"<p>&nbsp;NR. TELEFONU&nbsp; 500 695 095 Bar Swojski&nbsp; &nbsp; &nbsp; Polecamy zup\u0119 + II danie 21 z\u0142 Witamy na stronie baru &#8222;Swojskiego&#8221; Pragniemy przybli\u017cy\u0107 pa\u0144stwu nasz\u0105 ofert\u0119 oraz zaprosi\u0107 do korzystania z naszych us\u0142ug. Zach\u0119camy do przejrzenia naszej galerii zdj\u0119\u0107 oraz oferty cenowej. Ch\u0119tnie udzielimy informacji na temat naszych us\u0142ug telefonicznie lub osobi\u015bcie. Dzia\u0142alno\u015b\u0107 gastronomiczn\u0105 prowadzimy\u2026<\/p>\n","protected":false},"author":1,"featured_media":0,"parent":0,"menu_order":0,"comment_status":"closed","ping_status":"closed","template":"","meta":{"ngg_post_thumbnail":0,"footnotes":""},"class_list":["post-4","page","type-page","status-publish","hentry"],"_links":{"self":[{"href":"https:\/\/barswojski.pl\/index.php?rest_route=\/wp\/v2\/pages\/4","targetHints":{"allow":["GET"]}}],"collection":[{"href":"https:\/\/barswojski.pl\/index.php?rest_route=\/wp\/v2\/pages"}],"about":[{"href":"https:\/\/barswojski.pl\/index.php?rest_route=\/wp\/v2\/types\/page"}],"author":[{"embeddable":true,"href":"https:\/\/barswojski.pl\/index.php?rest_route=\/wp\/v2\/users\/1"}],"replies":[{"embeddable":true,"href":"https:\/\/barswojski.pl\/index.php?rest_route=%2Fwp%2Fv2%2Fcomments&post=4"}],"version-history":[{"count":53,"href":"https:\/\/barswojski.pl\/index.php?rest_route=\/wp\/v2\/pages\/4\/revisions"}],"predecessor-version":[{"id":1319,"href":"https:\/\/barswojski.pl\/index.php?rest_route=\/wp\/v2\/pages\/4\/revisions\/1319"}],"wp:attachment":[{"href":"https:\/\/barswojski.pl\/index.php?rest_route=%2Fwp%2Fv2%2Fmedia&parent=4"}],"curies":[{"name":"wp","href":"https:\/\/api.w.org\/{rel}","templated":true}]}}