{"id":8,"date":"2016-05-19T22:47:43","date_gmt":"2016-05-19T20:47:43","guid":{"rendered":"http:\/\/webdev.iscool.pl\/?page_id=8"},"modified":"2025-08-10T15:16:15","modified_gmt":"2025-08-10T13:16:15","slug":"oferta","status":"publish","type":"page","link":"https:\/\/barswojski.pl\/?page_id=8","title":{"rendered":"Oferta"},"content":{"rendered":"<h3 style=\"text-align: left;\"><em>Oferta:<\/em><\/h3>\n<p style=\"text-align: left;\"><em>Opr\u00f3cz serwowania pysznych obiad\u00f3w proponujemy pa\u0144stwu r\u00f3wnie\u017c:<\/em><\/p>\n<h4>Posi\u0142ki regeneracyjne dla firm<\/h4>\n<h4 style=\"text-align: left;\"><em>Imprezy okoliczno\u015bciowe w barze jak i catering:<\/em><\/h4>\n<ul style=\"text-align: left;\">\n<li><em>komunie<\/em><\/li>\n<li><em>urodziny<\/em><\/li>\n<li><em>chrzciny<\/em><\/li>\n<li><em>przyj\u0119cia weselne<\/em><\/li>\n<li><em>kolacje<\/em><\/li>\n<\/ul>\n<h4 style=\"text-align: left;\"><em>Imprezy w plenerze:<\/em><\/h4>\n<ul style=\"text-align: left;\">\n<li><em>grille zak\u0142adowe<\/em><\/li>\n<li><em>imprezy zbiorowe<\/em><\/li>\n<li><em>\u017bywienie zbiorowe<\/em><\/li>\n<\/ul>\n<p style=\"text-align: left;\"><em>Imprezy w miejscach wyznaczonych przez klienta.<\/em><\/p>\n","protected":false},"excerpt":{"rendered":"<p>Oferta: Opr\u00f3cz serwowania pysznych obiad\u00f3w proponujemy pa\u0144stwu r\u00f3wnie\u017c: Posi\u0142ki regeneracyjne dla firm Imprezy okoliczno\u015bciowe w barze jak i catering: komunie urodziny chrzciny przyj\u0119cia weselne kolacje Imprezy w plenerze: grille zak\u0142adowe imprezy zbiorowe \u017bywienie zbiorowe Imprezy w miejscach wyznaczonych przez klienta.<\/p>\n","protected":false},"author":1,"featured_media":0,"parent":0,"menu_order":0,"comment_status":"closed","ping_status":"closed","template":"","meta":{"ngg_post_thumbnail":0,"footnotes":""},"class_list":["post-8","page","type-page","status-publish","hentry"],"_links":{"self":[{"href":"https:\/\/barswojski.pl\/index.php?rest_route=\/wp\/v2\/pages\/8","targetHints":{"allow":["GET"]}}],"collection":[{"href":"https:\/\/barswojski.pl\/index.php?rest_route=\/wp\/v2\/pages"}],"about":[{"href":"https:\/\/barswojski.pl\/index.php?rest_route=\/wp\/v2\/types\/page"}],"author":[{"embeddable":true,"href":"https:\/\/barswojski.pl\/index.php?rest_route=\/wp\/v2\/users\/1"}],"replies":[{"embeddable":true,"href":"https:\/\/barswojski.pl\/index.php?rest_route=%2Fwp%2Fv2%2Fcomments&post=8"}],"version-history":[{"count":4,"href":"https:\/\/barswojski.pl\/index.php?rest_route=\/wp\/v2\/pages\/8\/revisions"}],"predecessor-version":[{"id":1321,"href":"https:\/\/barswojski.pl\/index.php?rest_route=\/wp\/v2\/pages\/8\/revisions\/1321"}],"wp:attachment":[{"href":"https:\/\/barswojski.pl\/index.php?rest_route=%2Fwp%2Fv2%2Fmedia&parent=8"}],"curies":[{"name":"wp","href":"https:\/\/api.w.org\/{rel}","templated":true}]}}